{"id":166,"date":"2021-06-18T16:49:59","date_gmt":"2021-06-18T16:49:59","guid":{"rendered":"https:\/\/www.americold.com.ar\/legal\/"},"modified":"2021-10-29T19:12:09","modified_gmt":"2021-10-29T19:12:09","slug":"legal","status":"publish","type":"page","link":"https:\/\/www.americold.com.ar\/es\/legal\/","title":{"rendered":"Legal\/Aviso de privacidad"},"content":{"rendered":"<p>[vc_row full_width=\u00bbstretch_row_content_no_spaces\u00bb][vc_column]\n<div class=\"ac-banner  ac-banner--light jarallax\">\n<!--    <div class=\"parallax-window\" data-parallax=\"scroll\" data-image-src=\"--><!--\"><\/div>-->\n\n<!--    --><!--        <div class=\"ac-banner__img-wrapp\">-->\n<!--            <img class=\"ac-banner__img\" src=\"--><!--\" alt=\"\">-->\n<!--        <\/div>-->\n<!--    -->\n    <div class=\"ac-overlay\"><\/div>\n\n    <div class=\"ac-banner__content\" data-aos=\"zoom-in\">\n\n                    <h1 class=\"ac-banner__title\">LEGAL Y AVISO DE PRIVACIDAD<\/h1>\n        \n        \n            <\/div>\n    \n    <!-- Image Background -->\n            <img class=\"jarallax-img\" src=\"https:\/\/www.americold.com.ar\/wp-content\/uploads\/sites\/5\/2021\/06\/banner-05.jpg\" alt=\"\">\n    \n    <!-- Video Background -->\n    \n<\/div>[\/vc_column][\/vc_row][vc_row full_width=\u00bbstretch_row_content_no_spaces\u00bb][vc_column]\n<div class=\"ac-features  ac-features--dark ac-color-6\" data-aos=\"fade-up\">\n\n            <div class=\"ac-ocean ac-color-6__ocean\">\n                            <div class=\"ac-ocean__wave  ac-color-4__wave-alter\"><\/div>\n                        <div class=\"ac-ocean__wave ac-ocean__wave--second ac-color-6__wave-same\"><\/div>\n        <\/div>\n    \n    <div class=\"ac-features__wrapp\">\n\n                    <h2 class=\"ac-features__title\">T\u00c9RMINOS Y CONDICIONES DE USO Y AVISO DE PRIVACIDAD<\/h2>\n        \n        \n    <\/div>\n\n    \n    \n        \n        \n\n    <div class=\"ac-features__inner ac-features__inner--last\">\n        <div class=\"ac-features__inner-row\">\n\n                            <div class=\"ac-features__item  ac-features__item--col-2\" data-aos=\"zoom-in-up\" data-aos-delay=\"0\">\n                    <div class=\"ac-features-item\">\n                    \n                                        \n                                                    <a href=\"https:\/\/www.americold.com.ar\/wp-content\/uploads\/sites\/5\/2021\/06\/Americold-Aviso-de-Privacidad-Argentina-ESP1.pdf\" class=\"ac-features-item__link-wr \" target=\"_blank\">\n                        \n                                                            <div class=\"ac-features-item__img ac-features-item__img--default\">\n                                                                    <\/div>\n                            \n                                                            <h3 class=\"ac-features-item__title ac-features-item__title--default\">AVISO DE PRIVACIDAD DE AMERICOLD<\/h3>\n                            \n                            \n                        <br><b>VER EN PDF<\/b>                            <\/a>\n                        \n                    <\/div>\n                <\/div>\n                            <div class=\"ac-features__item  ac-features__item--col-2\" data-aos=\"zoom-in-up\" data-aos-delay=\"250\">\n                    <div class=\"ac-features-item\">\n                    \n                                        \n                                                    <a href=\"https:\/\/www.americold.com.ar\/wp-content\/uploads\/sites\/5\/2021\/06\/Americold-Terminos-de-Uso-Argentina-ESP-11.pdf\" class=\"ac-features-item__link-wr \" target=\"_blank\">\n                        \n                                                            <div class=\"ac-features-item__img ac-features-item__img--default\">\n                                                                    <\/div>\n                            \n                                                            <h3 class=\"ac-features-item__title ac-features-item__title--default\">T\u00c9RMINOS Y CONDICIONES DE USO<\/h3>\n                            \n                            \n                        <br><b>VER EN PDF<\/b>                            <\/a>\n                        \n                    <\/div>\n                <\/div>\n            \n        <\/div>\n    <\/div>\n<\/div>[\/vc_column][\/vc_row][vc_row full_width=\u00bbstretch_row_content_no_spaces\u00bb][vc_column]\n<div class=\"ac-contact-form  ac-contact-form--light ac-color-5 js-form-block\" data-aos=\"fade-up\">\n\n            <div class=\"ac-ocean ac-color-5__ocean\">\n                            <div class=\"ac-ocean__wave  ac-color-3__wave-alter\"><\/div>\n                        <div class=\"ac-ocean__wave ac-ocean__wave--second ac-color-5__wave-same\"><\/div>\n        <\/div>\n    \n    <div class=\"ac-contact-form__wrapp\">\n        <div class=\"ac-contact-form__left-col\" data-aos=\"fade-right\" data-aos-delay=\"300\">\n\n                            <h2 class=\"ac-contact-form__title\">\u00bfNO PUEDE ENCONTRAR LO QUE BUSCA?<\/h2>\n            \n                            <div class=\"ac-contact-form__text\">\n                    <p><\/p>\n<p>Comun\u00edquese con nosotros en l\u00ednea ahora o ll\u00e1menos al <strong><a href=\"tel678-441-1400.html\">888-808-4877<\/a><\/strong><\/p>\n<p><\/p>\n                <\/div>\n            \n        <\/div>\n        <div class=\"ac-contact-form__right-col\" data-aos=\"fade-left\" data-aos-delay=\"300\">\n\n            \n            \n                    <\/div>\n    <\/div>    \n<\/div>[\/vc_column][\/vc_row]<\/p>\n","protected":false},"excerpt":{"rendered":"<p>[vc_row full_width=\u00bbstretch_row_content_no_spaces\u00bb][vc_column][\/vc_column][\/vc_row][vc_row full_width=\u00bbstretch_row_content_no_spaces\u00bb][vc_column][\/vc_column][\/vc_row][vc_row full_width=\u00bbstretch_row_content_no_spaces\u00bb][vc_column][\/vc_column][\/vc_row]<\/p>\n","protected":false},"author":1,"featured_media":0,"parent":0,"menu_order":0,"comment_status":"closed","ping_status":"closed","template":"","meta":{"content-type":""},"acf":[],"_links":{"self":[{"href":"https:\/\/www.americold.com.ar\/es\/wp-json\/wp\/v2\/pages\/166"}],"collection":[{"href":"https:\/\/www.americold.com.ar\/es\/wp-json\/wp\/v2\/pages"}],"about":[{"href":"https:\/\/www.americold.com.ar\/es\/wp-json\/wp\/v2\/types\/page"}],"author":[{"embeddable":true,"href":"https:\/\/www.americold.com.ar\/es\/wp-json\/wp\/v2\/users\/1"}],"replies":[{"embeddable":true,"href":"https:\/\/www.americold.com.ar\/es\/wp-json\/wp\/v2\/comments?post=166"}],"version-history":[{"count":4,"href":"https:\/\/www.americold.com.ar\/es\/wp-json\/wp\/v2\/pages\/166\/revisions"}],"predecessor-version":[{"id":376,"href":"https:\/\/www.americold.com.ar\/es\/wp-json\/wp\/v2\/pages\/166\/revisions\/376"}],"wp:attachment":[{"href":"https:\/\/www.americold.com.ar\/es\/wp-json\/wp\/v2\/media?parent=166"}],"curies":[{"name":"wp","href":"https:\/\/api.w.org\/{rel}","templated":true}]}}