{"id":49,"date":"2021-06-15T11:34:21","date_gmt":"2021-06-15T11:34:21","guid":{"rendered":"https:\/\/www.americold.com.ar\/who-we-serve\/"},"modified":"2022-12-01T18:33:53","modified_gmt":"2022-12-01T18:33:53","slug":"who-we-serve","status":"publish","type":"page","link":"https:\/\/www.americold.com.ar\/es\/who-we-serve\/","title":{"rendered":"Mejor compa\u00f1\u00eda de almacenamiento de alimentos a largo plazo de Argentina &#8211; Who We Serve"},"content":{"rendered":"<p>[vc_row full_width=\u00bbstretch_row_content_no_spaces\u00bb][vc_column]\n<div class=\"ac-banner  ac-banner--light ac-banner--video\">\n<!--    <div class=\"parallax-window\" data-parallax=\"scroll\" data-image-src=\"--><!--\"><\/div>-->\n\n<!--    --><!--        <div class=\"ac-banner__img-wrapp\">-->\n<!--            <img class=\"ac-banner__img\" src=\"--><!--\" alt=\"\">-->\n<!--        <\/div>-->\n<!--    -->\n    <div class=\"ac-overlay\"><\/div>\n\n    <div class=\"ac-banner__content\" data-aos=\"zoom-in\">\n\n                    <h1 class=\"ac-banner__title\">Una propuesta innovadora en la cadena de suministro<\/h1>\n        \n                    <p class=\"ac-heading__subtitle\">La incomparable red de infraestructura de cadena de suministro a temperatura controlada de Americold junto con la especializaci\u00f3n y alcance de nuestros servicios para brindarles a nuestros clientes productores de alimentos, minoristas y proveedores de servicios alimenticios, el sistema de cadena de fr\u00edo que necesitan para crecer.<\/p>\n        \n            <\/div>\n    \n    <!-- Image Background -->\n    \n    <!-- Video Background -->\n    \n            <div class=\"ac-video-preview\" style=\"background-image: url(  )\"><\/div>\n            <div class=\"ac-youtube-bg js-youtube-bg hidden-xs\" data-video-id=\"JCvijRJXSxc\"><\/div>\n\n    \n<\/div>[\/vc_column][\/vc_row][vc_row full_width=\u00bbstretch_row_content_no_spaces\u00bb][vc_column]\n<div class=\"ac-features  ac-features--dark ac-color-1\" data-aos=\"fade-up\">\n\n            <div class=\"ac-ocean ac-color-1__ocean\">\n                        <div class=\"ac-ocean__wave ac-ocean__wave--second ac-color-1__wave-same\"><\/div>\n        <\/div>\n    \n    <div class=\"ac-features__wrapp\">\n\n                    <h2 class=\"ac-features__title\">A qui\u00e9n presta servicios Americold<\/h2>\n        \n        \n    <\/div>\n\n    \n    \n        \n        \n\n    <div class=\"ac-features__inner ac-features__inner--last\">\n        <div class=\"ac-features__inner-row\">\n\n                            <div class=\"ac-features__item  ac-features__item--col-2\" data-aos=\"zoom-in-up\" data-aos-delay=\"0\">\n                    <div class=\"ac-features-item\">\n                    \n                                        \n                                                    <a href=\"http:\/\/www.americold.com.ar\/es\/who-we-serve\/producers\/\" class=\"ac-features-item__link-wr \" >\n                        \n                                                            <div class=\"ac-features-item__img ac-features-item__img--default\">\n                                    <img width=\"1411\" height=\"582\" src=\"https:\/\/www.americold.com.ar\/wp-content\/uploads\/sites\/5\/2021\/06\/banner-00.jpg\" class=\"attachment-full size-full\" alt=\"\" loading=\"lazy\" \/>                                <\/div>\n                            \n                                                            <h3 class=\"ac-features-item__title ac-features-item__title--default\"><b>Productores<br> de alimentos<\/b><\/h3>\n                            \n                                                            <div class=\"ac-features-item__text\">\n                                    <div>Desde la granja hasta el cliente y todos los pasos intermedios.<\/div>\n                                <\/div>\n                            \n                        <br><b>OBTENER M\u00c1S INFORMACI\u00d3N<\/b>                            <\/a>\n                        \n                    <\/div>\n                <\/div>\n                            <div class=\"ac-features__item  ac-features__item--col-2\" data-aos=\"zoom-in-up\" data-aos-delay=\"250\">\n                    <div class=\"ac-features-item\">\n                    \n                                        \n                                                    <a href=\"http:\/\/www.americold.com.ar\/es\/who-we-serve\/retailers\/\" class=\"ac-features-item__link-wr \" >\n                        \n                                                            <div class=\"ac-features-item__img ac-features-item__img--default\">\n                                    <img width=\"1411\" height=\"582\" src=\"https:\/\/www.americold.com.ar\/wp-content\/uploads\/sites\/5\/2021\/06\/Banner-Retailers.jpg\" class=\"attachment-full size-full\" alt=\"\" loading=\"lazy\" \/>                                <\/div>\n                            \n                                                            <h3 class=\"ac-features-item__title ac-features-item__title--default\"><b>Minoristas<br> de alimentos<\/b><\/h3>\n                            \n                                                            <div class=\"ac-features-item__text\">\n                                    <div>Soluciones receptivas, innovadoras y dedicadas para las ventas minoristas.<\/div>\n                                <\/div>\n                            \n                        <br><b>OBTENER M\u00c1S INFORMACI\u00d3N<\/b>                            <\/a>\n                        \n                    <\/div>\n                <\/div>\n            \n        <\/div>\n    <\/div>\n<\/div>[\/vc_column][\/vc_row][vc_row full_width=\u00bbstretch_row_content_no_spaces\u00bb][vc_column css_animation=\u00bbfadeInUp\u00bb]\n<div class=\"ac-main-block  ac-main-block--center ac-main-block--dark ac-color-1\" data-aos=\"fade-up\">\n\n    \n    <div class=\"ac-main-block__wrapp\">\n\n                    <h2 class=\"ac-main-block__title\">El Americold Operating System (AOS)<\/h2>\n        \n        \n    <\/div>\n\n    \n            <div class=\"ac-main-block__wrapp\">\n            <div class=\"ac-main-block__text\">\n                <p>Como un instrumento de precisi\u00f3n, nuestras soluciones de cadena de suministro se integran perfectamente para crear una operaci\u00f3n log\u00edstica eficiente para aportarle valor. Y todo con el respaldo de 120 a\u00f1os de experiencia de una red presente en todo el mundo.<\/p>\n<p>Desde congelamiento r\u00e1pido y templado, armado de kits, etiquetado, codificaci\u00f3n por fecha y reembalaje para cami\u00f3n completo, menos de un cami\u00f3n completo y programas de consolidaci\u00f3n para m\u00faltiples proveedores, le garantizamos la mejor soluci\u00f3n en su clase que satisface sus necesidades mientras sigue creciendo.<\/p>\n            <\/div>\n        <\/div>    \n        \n\n            \n    \n       \n\n<\/div>[\/vc_column][\/vc_row][vc_row full_width=\u00bbstretch_row_content_no_spaces\u00bb][vc_column]\n<div id=\"\" class=\"ac-content-block  ac-content-block--left ac-content-block--dark ac-color-6\" data-aos=\"fade-up\">\n\n    \n    <div class=\"ac-content-block__wrapp\">\n        <div class=\"ac-content-block__row left ac-content-block__row--left ac-content-block__row--50\">\n            <div class=\"ac-content-block__left-col\" data-aos=\"fade-right\" data-aos-delay=\"300\">\n\n                <h3 class=\"ac-content-block__title\">Pasi\u00f3n por lo que hacemos<\/h3>\n                \n                                \n\n                <div class=\"ac-content-block__figure\">\n                    \n                                            \n                        \n                                                    <div class=\"ac-content-block__video\">\n                                <iframe title=\"Americold: We Rise (ES)\" width=\"640\" height=\"360\" src=\"https:\/\/www.youtube.com\/embed\/YUMwA_omfP0?feature=oembed&enablejsapi=1&autoplay=0&rel=0&controls=0&showinfo=0&loop=0\"  allow=\"accelerometer; autoplay; clipboard-write; encrypted-media; gyroscope; picture-in-picture; web-share\" referrerpolicy=\"strict-origin-when-cross-origin\" allowfullscreen><\/iframe>                            <\/div>\n                                            \n                    \n                    \n                <\/div>\n\n                                    <div class=\"ac-content-block__text\">\n                        <p>Miles de asociados de Americold prestan soporte a nuestros clientes en todo el mundo. En cumplimiento de los principios de nuestro Americold Operating System (AOS), mejoramos constantemente a fin de ofrecerle servicios econ\u00f3micos y eficientes y al mismo tiempo proteger su marca.<\/p>\n                    <\/div>\n                \n                                    <div class=\"ac-content-block__shortcode\">\n                                            <\/div>\n                \n                \n                \n            <\/div>\n            <div class=\"ac-content-block__right-col\" data-aos=\"fade-left\" data-aos-delay=\"300\">\n                \n                                    \n                    \n                                            <div class=\"ac-content-block__video\">\n                            <iframe title=\"Americold: We Rise (ES)\" width=\"640\" height=\"360\" src=\"https:\/\/www.youtube.com\/embed\/YUMwA_omfP0?feature=oembed&enablejsapi=1&autoplay=0&rel=0&controls=0&showinfo=0&loop=0\"  allow=\"accelerometer; autoplay; clipboard-write; encrypted-media; gyroscope; picture-in-picture; web-share\" referrerpolicy=\"strict-origin-when-cross-origin\" allowfullscreen><\/iframe>                        <\/div>\n                    \n                    \n                                    \n            <\/div>\n        <\/div>\n    <\/div>\n<\/div>[\/vc_column][\/vc_row][vc_row full_width=\u00bbstretch_row_content_no_spaces\u00bb][vc_column]\n<div class=\"ac-contact-form  ac-contact-form--light ac-color-5 js-form-block\" data-aos=\"fade-up\">\n\n            <div class=\"ac-ocean ac-color-5__ocean\">\n                        <div class=\"ac-ocean__wave ac-ocean__wave--second ac-color-5__wave-same\"><\/div>\n        <\/div>\n    \n    <div class=\"ac-contact-form__wrapp\">\n        <div class=\"ac-contact-form__left-col\" data-aos=\"fade-right\" data-aos-delay=\"300\">\n\n                            <h2 class=\"ac-contact-form__title\">\u00bfListo para empezar?<\/h2>\n            \n                            <div class=\"ac-contact-form__text\">\n                    <p>Para comunicarse con las plantas de Americold en la regi\u00f3n de Argentina, visite nuestra p\u00e1gina de ubicaciones para conocer los n\u00fameros telef\u00f3nicos haciendo clic en el siguiente enlace: <a href=\"http:\/\/ec2-54-198-217-29.compute-1.amazonaws.com\/amc-ar-dev\/es\/facilities\/\">P\u00e1gina de ubicaciones<\/a><\/p>\n                <\/div>\n            \n        <\/div>\n        <div class=\"ac-contact-form__right-col\" data-aos=\"fade-left\" data-aos-delay=\"300\">\n\n            \n            \n                    <\/div>\n    <\/div>    \n<\/div>[\/vc_column][\/vc_row]<\/p>\n","protected":false},"excerpt":{"rendered":"<p>[vc_row full_width=\u00bbstretch_row_content_no_spaces\u00bb][vc_column][\/vc_column][\/vc_row][vc_row full_width=\u00bbstretch_row_content_no_spaces\u00bb][vc_column][\/vc_column][\/vc_row][vc_row full_width=\u00bbstretch_row_content_no_spaces\u00bb][vc_column css_animation=\u00bbfadeInUp\u00bb][\/vc_column][\/vc_row][vc_row full_width=\u00bbstretch_row_content_no_spaces\u00bb][vc_column][\/vc_column][\/vc_row][vc_row full_width=\u00bbstretch_row_content_no_spaces\u00bb][vc_column][\/vc_column][\/vc_row]<\/p>\n","protected":false},"author":1,"featured_media":0,"parent":0,"menu_order":0,"comment_status":"closed","ping_status":"closed","template":"","meta":{"content-type":""},"acf":[],"_links":{"self":[{"href":"https:\/\/www.americold.com.ar\/es\/wp-json\/wp\/v2\/pages\/49"}],"collection":[{"href":"https:\/\/www.americold.com.ar\/es\/wp-json\/wp\/v2\/pages"}],"about":[{"href":"https:\/\/www.americold.com.ar\/es\/wp-json\/wp\/v2\/types\/page"}],"author":[{"embeddable":true,"href":"https:\/\/www.americold.com.ar\/es\/wp-json\/wp\/v2\/users\/1"}],"replies":[{"embeddable":true,"href":"https:\/\/www.americold.com.ar\/es\/wp-json\/wp\/v2\/comments?post=49"}],"version-history":[{"count":4,"href":"https:\/\/www.americold.com.ar\/es\/wp-json\/wp\/v2\/pages\/49\/revisions"}],"predecessor-version":[{"id":475,"href":"https:\/\/www.americold.com.ar\/es\/wp-json\/wp\/v2\/pages\/49\/revisions\/475"}],"wp:attachment":[{"href":"https:\/\/www.americold.com.ar\/es\/wp-json\/wp\/v2\/media?parent=49"}],"curies":[{"name":"wp","href":"https:\/\/api.w.org\/{rel}","templated":true}]}}