{"id":63,"date":"2021-06-18T10:00:35","date_gmt":"2021-06-18T10:00:35","guid":{"rendered":"https:\/\/www.americold.com.ar\/producers\/"},"modified":"2021-06-18T22:29:54","modified_gmt":"2021-06-18T22:29:54","slug":"producers","status":"publish","type":"page","link":"https:\/\/www.americold.com.ar\/es\/producers\/","title":{"rendered":"Productores"},"content":{"rendered":"<p>[vc_row full_width=\u00bbstretch_row_content_no_spaces\u00bb][vc_column]\n<div class=\"ac-banner  ac-banner--light jarallax\">\n<!--    <div class=\"parallax-window\" data-parallax=\"scroll\" data-image-src=\"--><!--\"><\/div>-->\n\n<!--    --><!--        <div class=\"ac-banner__img-wrapp\">-->\n<!--            <img class=\"ac-banner__img\" src=\"--><!--\" alt=\"\">-->\n<!--        <\/div>-->\n<!--    -->\n    <div class=\"ac-overlay\"><\/div>\n\n    <div class=\"ac-banner__content\" data-aos=\"zoom-in\">\n\n                    <h1 class=\"ac-banner__title\">De la <b>granja a su mesa<\/b> y todos los pasos intermedios<\/h1>\n        \n                    <p class=\"ac-heading__subtitle\">Calidad de producto e integridad, ese es nuestro compromiso. Su reputaci\u00f3n est\u00e1 garantizada con nuestra s\u00f3lida base de infraestructura integrada a temperatura controlada, procesos demostrados, tecnolog\u00eda innovadora y servicio al cliente de primer nivel.<\/p>\n        \n                    <a href=\"http:\/\/www.americold.com.ar\/es\/contact-us\/\" class=\"ac-heading__btn ac-btn ac-btn--dark\" >COMENZAR<\/a>\n            <\/div>\n    \n    <!-- Image Background -->\n            <img class=\"jarallax-img\" src=\"https:\/\/www.americold.com.ar\/wp-content\/uploads\/sites\/5\/2021\/06\/banner-00.jpg\" alt=\"\">\n    \n    <!-- Video Background -->\n    \n<\/div>[\/vc_column][\/vc_row][vc_row full_width=\u00bbstretch_row_content_no_spaces\u00bb][vc_column css_animation=\u00bbfadeInUp\u00bb css=\u00bb.vc_custom_1535468707595{background-position: center !important;background-repeat: no-repeat !important;background-size: cover !important;}\u00bb]\n<div class=\"ac-main-block  ac-main-block--center ac-main-block--dark ac-color-1\" data-aos=\"fade-up\">\n\n            <div class=\"ac-ocean ac-color-1__ocean\">\n                            <div class=\"ac-ocean__wave  ac-color-4__wave-alter\"><\/div>\n                        <div class=\"ac-ocean__wave ac-ocean__wave--second ac-color-1__wave-same\"><\/div>\n        <\/div>\n    \n    <div class=\"ac-main-block__wrapp\">\n\n                    <h2 class=\"ac-main-block__title\">De qu\u00e9 manera Americold ayuda a nuestros <b>productores de alimentos<\/b><\/h2>\n        \n        \n    <\/div>\n\n    \n            <div class=\"ac-main-block__wrapp\">\n            <div class=\"ac-main-block__text\">\n                <p>Con Americold, su cadena de suministro de optimiza a la medida de sus necesidades comerciales, lo que le permite prestar una respuesta m\u00e1s r\u00e1pida y econ\u00f3mica ante el mercado cambiante y los ciclos de producci\u00f3n estacionales. Sus proyectos y programas cuentan con el respaldo de nuestra inversi\u00f3n constante en la <a href=\"..\/..\/home\/facilities\/index.html\" target=\"_blank\" rel=\"noopener noreferrer\">mayor red de infraestructura integrada a temperatura controlada<\/a> del sector y en soluciones flexibles que se adaptan a sus estrategias de crecimiento y exigencias cuidado extremo a extremo de productos de alta calidad.<\/p>\n<p>Sea un <a href=\"..\/..\/home\/who-we-serve\/producers\/index.html\">productor de alimentos<\/a>, <a href=\"..\/..\/home\/who-we-serve\/retailers\/index.html\">minorista<\/a> o pertenezca a otra categor\u00eda intermedia, aproveche nuestra <a href=\"http:\/\/www.americold.com\/what-we-do\/supply-chain-solutions\/facilities\/facility-types\/?__hstc=181257784.8fb3d6fb9427b2ff0502179d9f74f2f9.1602513575142.1602513575142.1602521453550.2&amp;__hssc=181257784.1.1602521453550&amp;__hsfp=1375827123\" target=\"_blank\" rel=\"noopener noreferrer\">infraestructura de cadena de suministro a temperatura controlada<\/a> para facilitar el movimiento de sus productos de la granja a la mesa.<\/p>\n            <\/div>\n        <\/div>    \n        \n\n            \n    \n       \n\n<\/div>[\/vc_column][\/vc_row][vc_row full_width=\u00bbstretch_row_content_no_spaces\u00bb][vc_column css_animation=\u00bbfadeInUp\u00bb]\n<div class=\"ac-highlights  ac-highlights--light ac-highlights--columns ac-color-3\" data-aos=\"fade-up\">\n    \n            <div class=\"ac-ocean ac-color-3__ocean\">\n                        <div class=\"ac-ocean__wave ac-ocean__wave--second ac-color-3__wave-same\"><\/div>\n        <\/div>\n    \n    <div class=\"ac-highlights__wrapp\">\n                    <div class=\"ac-highlights__left-col\" data-aos=\"fade-right\" data-aos-delay=\"300\">\n        \n                            <h2 class=\"ac-highlights__title\">Qu\u00e9 ofrecemos a nuestros productores<\/h2>\n            \n                    \n                            <a href=\"http:\/\/multisite-corporate-website-dev-1039653696.us-east-1.elb.amazonaws.com\/amc-multisite-build\/ar\/services\/?lang=es\" class=\"ac-highlights__btn ac-highlights__btn--top ac-btn ac-btn--dark\" >Ver todo lo que ofrecemos<\/a>\n            \n        <\/div>\n\n                                    <div class=\"ac-highlights__right-col\" data-aos=\"fade-left\" data-aos-delay=\"300\">\n                    \n                                    <div class=\"swiper-container ac-highlights__slider\">\n                        <div class=\"ac-highlights__slider-wrapper\">\n\n                            \n                                <div class=\"ac-highlights__slide\">\n                                    <div class=\"ac-highlights-item  ac-highlights-item--columns\">\n\n                                                                                    <div class=\"ac-highlights-item__left-col\">\n                                                <div class=\"ac-highlights-item__img-wrapp\">\n                                                    <img width=\"95\" height=\"56\" src=\"https:\/\/www.americold.com.ar\/wp-content\/uploads\/sites\/5\/2021\/06\/icon-01.png\" class=\"attachment-full size-full wp-post-image\" alt=\"\" loading=\"lazy\" \/>                                                <\/div>\n                                            <\/div>\n                                        \n                                        <div class=\"ac-highlights-item__right-col\">\n\n                                            <h3 class=\"ac-highlights-item__title ac-highlights-item__title--default\">Geolocalizaci\u00f3n<\/h3>\n                                                                                            <div class=\"ac-highlights-item__text\">\n                                                    <p>Entrega de productos congelados, refrigerados y secos a supermercados, CD y minorista en la zona del AMBA. El servicio integral incluye cross docking, itinerarios de viaje, entrega con m\u00faltiples temperaturas\/productos de clientes\/puntos de entrega en un \u00fanico cami\u00f3n y un estado diario detallado a los clientes al final del servicio solicitado.<\/p>\n                                                <\/div>\n                                            \n                                            \n                                            \n                                        <\/div>\n                                    <\/div>\n                                <\/div>\n                            \n                                <div class=\"ac-highlights__slide\">\n                                    <div class=\"ac-highlights-item  ac-highlights-item--columns\">\n\n                                                                                    <div class=\"ac-highlights-item__left-col\">\n                                                <div class=\"ac-highlights-item__img-wrapp\">\n                                                    <img width=\"200\" height=\"200\" src=\"https:\/\/www.americold.com.ar\/wp-content\/uploads\/sites\/5\/2021\/06\/Icon-Blast-Freezing.png\" class=\"attachment-full size-full wp-post-image\" alt=\"\" loading=\"lazy\" \/>                                                <\/div>\n                                            <\/div>\n                                        \n                                        <div class=\"ac-highlights-item__right-col\">\n\n                                            <h3 class=\"ac-highlights-item__title ac-highlights-item__title--default\">Congelamiento r\u00e1pido<\/h3>\n                                                                                            <div class=\"ac-highlights-item__text\">\n                                                    <p>Cumplir con los requisitos regulatorios, prorrogar la vida \u00fatil de los productos indefinidamente y preservar el sabor, las vitaminas y minerales. El proceso de congelamiento r\u00e1pido de Americold se encuentra disponible en muchas de nuestras plantas.<\/p>\n                                                <\/div>\n                                            \n                                            \n                                            \n                                        <\/div>\n                                    <\/div>\n                                <\/div>\n                            \n                                <div class=\"ac-highlights__slide\">\n                                    <div class=\"ac-highlights-item  ac-highlights-item--columns\">\n\n                                                                                    <div class=\"ac-highlights-item__left-col\">\n                                                <div class=\"ac-highlights-item__img-wrapp\">\n                                                    <img width=\"200\" height=\"200\" src=\"https:\/\/www.americold.com.ar\/wp-content\/uploads\/sites\/5\/2021\/06\/Icon-Pick-Pack.png\" class=\"attachment-full size-full wp-post-image\" alt=\"\" loading=\"lazy\" \/>                                                <\/div>\n                                            <\/div>\n                                        \n                                        <div class=\"ac-highlights-item__right-col\">\n\n                                            <h3 class=\"ac-highlights-item__title ac-highlights-item__title--default\">Preparaci\u00f3n de pedidos<\/h3>\n                                                                                            <div class=\"ac-highlights-item__text\">\n                                                    <p>Podemos preparar pedidos unitarios, por cajas o capas para que pueda mezclar SKU y maximizar la utilizaci\u00f3n de los pallets. Incluso podemos cargar pallets en el orden solicitado por la tienda para facilitar la descarga en destino.<\/p>\n                                                <\/div>\n                                            \n                                            \n                                            \n                                        <\/div>\n                                    <\/div>\n                                <\/div>\n                            \n                        <\/div>\n                        <div class=\"ac-highlights__nav\">\n                            <!-- If we need pagination -->\n                            <div class=\"swiper-pagination ac-highlights__pagination\"><\/div>\n\n                            <!-- If we need navigation buttons -->\n                            <div class=\"swiper-button-prev ac-highlights__slider-btn ac-highlights__slider-btn--prev\"><\/div>\n                            <div class=\"swiper-button-next ac-highlights__slider-btn ac-highlights__slider-btn--next\"><\/div>\n                        <\/div>\n                    <\/div>\n                \n            <\/div>\n\n        \n                    <a href=\"http:\/\/multisite-corporate-website-dev-1039653696.us-east-1.elb.amazonaws.com\/amc-multisite-build\/ar\/services\/?lang=es\" class=\"ac-highlights__btn ac-highlights__btn--bottom ac-btn ac-btn--dark\" >Ver todo lo que ofrecemos<\/a>\n        \n    <\/div>\n<\/div>[\/vc_column][\/vc_row][vc_row full_width=\u00bbstretch_row_content_no_spaces\u00bb][vc_column css_animation=\u00bbfadeInUp\u00bb]\n<div id=\"\" class=\"ac-content-block  ac-content-block--left ac-content-block--dark ac-color-1\" data-aos=\"fade-up\">\n\n    \n    <div class=\"ac-content-block__wrapp\">\n        <div class=\"ac-content-block__row left ac-content-block__row--left ac-content-block__row--30\">\n            <div class=\"ac-content-block__left-col\" data-aos=\"fade-right\" data-aos-delay=\"300\">\n\n                <h3 class=\"ac-content-block__title\">De la <b>granja<\/b> al <b>punto de venta<\/b>, respaldamos sus productos con una completa gama de servicios de valor agregado.<\/h3>\n                \n                                \n\n                <div class=\"ac-content-block__figure\">\n                    \n                                            \n                        \n                                                    <div class=\"ac-content-block__video\">\n                                <iframe title=\"Americold&#039;s Cold Chain Value Added Services (ES)\" width=\"640\" height=\"360\" src=\"https:\/\/www.youtube.com\/embed\/h4BJnnMDzmU?feature=oembed&enablejsapi=1&autoplay=0&rel=0&controls=0&showinfo=0&loop=0\"  allow=\"accelerometer; autoplay; clipboard-write; encrypted-media; gyroscope; picture-in-picture; web-share\" referrerpolicy=\"strict-origin-when-cross-origin\" allowfullscreen><\/iframe>                            <\/div>\n                                            \n                    \n                    \n                <\/div>\n\n                                    <div class=\"ac-content-block__text\">\n                        <p><\/p>\n                    <\/div>\n                \n                                    <div class=\"ac-content-block__shortcode\">\n                                            <\/div>\n                \n                \n                \n            <\/div>\n            <div class=\"ac-content-block__right-col\" data-aos=\"fade-left\" data-aos-delay=\"300\">\n                \n                                    \n                    \n                                            <div class=\"ac-content-block__video\">\n                            <iframe title=\"Americold&#039;s Cold Chain Value Added Services (ES)\" width=\"640\" height=\"360\" src=\"https:\/\/www.youtube.com\/embed\/h4BJnnMDzmU?feature=oembed&enablejsapi=1&autoplay=0&rel=0&controls=0&showinfo=0&loop=0\"  allow=\"accelerometer; autoplay; clipboard-write; encrypted-media; gyroscope; picture-in-picture; web-share\" referrerpolicy=\"strict-origin-when-cross-origin\" allowfullscreen><\/iframe>                        <\/div>\n                    \n                    \n                                    \n            <\/div>\n        <\/div>\n    <\/div>\n<\/div>[\/vc_column][\/vc_row][vc_row full_width=\u00bbstretch_row_content_no_spaces\u00bb][vc_column css_animation=\u00bbfadeInUp\u00bb]\n<div class=\"ac-highlights  ac-highlights--light ac-highlights--columns ac-color-4\" data-aos=\"fade-up\">\n    \n    \n    <div class=\"ac-highlights__wrapp\">\n                    <div class=\"ac-highlights__left-col\" data-aos=\"fade-right\" data-aos-delay=\"300\">\n        \n                            <h2 class=\"ac-highlights__title\"><b>Caracter\u00edsticas de las instalaciones<\/b> para nuestros productores<\/h2>\n            \n                    \n                            <a href=\"http:\/\/multisite-corporate-website-dev-1039653696.us-east-1.elb.amazonaws.com\/amc-multisite-build\/ar\/facilities\/?lang=es\" class=\"ac-highlights__btn ac-highlights__btn--top ac-btn ac-btn--dark\" >VER LOS DETALLES DE LAS INSTALACIONES<\/a>\n            \n        <\/div>\n\n                                    <div class=\"ac-highlights__right-col\" data-aos=\"fade-left\" data-aos-delay=\"300\">\n                    \n                                    <div class=\"swiper-container ac-highlights__slider\">\n                        <div class=\"ac-highlights__slider-wrapper\">\n\n                            \n                                <div class=\"ac-highlights__slide\">\n                                    <div class=\"ac-highlights-item  ac-highlights-item--columns\">\n\n                                                                                    <div class=\"ac-highlights-item__left-col\">\n                                                <div class=\"ac-highlights-item__img-wrapp\">\n                                                    <img width=\"200\" height=\"200\" src=\"https:\/\/www.americold.com.ar\/wp-content\/uploads\/sites\/5\/2021\/06\/Icon-Seasonal.png\" class=\"attachment-full size-full wp-post-image\" alt=\"\" loading=\"lazy\" \/>                                                <\/div>\n                                            <\/div>\n                                        \n                                        <div class=\"ac-highlights-item__right-col\">\n\n                                            <h3 class=\"ac-highlights-item__title ac-highlights-item__title--default\">Soporte en capacidad estacional y adicional<\/h3>\n                                                                                            <div class=\"ac-highlights-item__text\">\n                                                    <p>Cuando la demanda estacional aumenta y los cambios en los h\u00e1bitos de consumo afectan su capacidad actual. Americold puede absorber esa presi\u00f3n y necesidades con velocidad de cross docking, capacidad de desborde y programas de stock de reservas para ofrecerle tranquilidad. Nos asociamos con usted para garantizar que cuente con espacio y servicios de valor agregado para adelantarse a su competencia y cumplir con sus compromisos con su clientes.<\/p>\n                                                <\/div>\n                                            \n                                            \n                                            \n                                        <\/div>\n                                    <\/div>\n                                <\/div>\n                            \n                                <div class=\"ac-highlights__slide\">\n                                    <div class=\"ac-highlights-item  ac-highlights-item--columns\">\n\n                                                                                    <div class=\"ac-highlights-item__left-col\">\n                                                <div class=\"ac-highlights-item__img-wrapp\">\n                                                    <img width=\"88\" height=\"100\" src=\"https:\/\/www.americold.com.ar\/wp-content\/uploads\/sites\/5\/2021\/06\/icon-02.png\" class=\"attachment-full size-full wp-post-image\" alt=\"\" loading=\"lazy\" \/>                                                <\/div>\n                                            <\/div>\n                                        \n                                        <div class=\"ac-highlights-item__right-col\">\n\n                                            <h3 class=\"ac-highlights-item__title ac-highlights-item__title--default\">Geolocalizaci\u00f3n de seguimiento y ubicaci\u00f3n<\/h3>\n                                                                                            <div class=\"ac-highlights-item__text\">\n                                                    <p>Geolocalizaci\u00f3n en tiempo real de todos los camiones de nuestro servicio de distribuci\u00f3n. Incluye acceso a la nube de Internet para que los clientes verifiquen todos los puntos de entrega, los art\u00edculos transportados y entregados, motivos para la falta de entrega, cantidades, pesos, etc.<\/p>\n                                                <\/div>\n                                            \n                                            \n                                            \n                                        <\/div>\n                                    <\/div>\n                                <\/div>\n                            \n                                <div class=\"ac-highlights__slide\">\n                                    <div class=\"ac-highlights-item  ac-highlights-item--columns\">\n\n                                                                                    <div class=\"ac-highlights-item__left-col\">\n                                                <div class=\"ac-highlights-item__img-wrapp\">\n                                                    <img width=\"200\" height=\"200\" src=\"https:\/\/www.americold.com.ar\/wp-content\/uploads\/sites\/5\/2021\/06\/Icon-Seasonal.png\" class=\"attachment-full size-full wp-post-image\" alt=\"\" loading=\"lazy\" \/>                                                <\/div>\n                                            <\/div>\n                                        \n                                        <div class=\"ac-highlights-item__right-col\">\n\n                                            <h3 class=\"ac-highlights-item__title ac-highlights-item__title--default\">Soporte en capacidad estacional y adicional<\/h3>\n                                                                                            <div class=\"ac-highlights-item__text\">\n                                                    <p>Cuando la demanda estacional aumenta y los cambios en los h\u00e1bitos de consumo afectan su capacidad actual. Americold puede absorber esa presi\u00f3n y necesidades con velocidad de cross docking, capacidad de desborde y programas de stock de reservas para ofrecerle tranquilidad. Nos asociamos con usted para garantizar que cuente con espacio y servicios de valor agregado para adelantarse a su competencia y cumplir con sus compromisos con su clientes.<\/p>\n                                                <\/div>\n                                            \n                                            \n                                            \n                                        <\/div>\n                                    <\/div>\n                                <\/div>\n                            \n                        <\/div>\n                        <div class=\"ac-highlights__nav\">\n                            <!-- If we need pagination -->\n                            <div class=\"swiper-pagination ac-highlights__pagination\"><\/div>\n\n                            <!-- If we need navigation buttons -->\n                            <div class=\"swiper-button-prev ac-highlights__slider-btn ac-highlights__slider-btn--prev\"><\/div>\n                            <div class=\"swiper-button-next ac-highlights__slider-btn ac-highlights__slider-btn--next\"><\/div>\n                        <\/div>\n                    <\/div>\n                \n            <\/div>\n\n        \n                    <a href=\"http:\/\/multisite-corporate-website-dev-1039653696.us-east-1.elb.amazonaws.com\/amc-multisite-build\/ar\/facilities\/?lang=es\" class=\"ac-highlights__btn ac-highlights__btn--bottom ac-btn ac-btn--dark\" >VER LOS DETALLES DE LAS INSTALACIONES<\/a>\n        \n    <\/div>\n<\/div>[\/vc_column][\/vc_row][vc_row full_width=\u00bbstretch_row_content_no_spaces\u00bb][vc_column css_animation=\u00bbfadeInUp\u00bb]\n<div class=\"ac-call  ac-call--center ac-call--light ac-color-3\">\n\n    \n    <div class=\"ac-call__wrapp\" data-aos=\"zoom-in\">\n\n                    <h2 class=\"ac-call__title\">\u00bfDesea hacer alguna pregunta? Visite nuestra p\u00e1gina de preguntas frecuentes.<\/h2>\n        \n        \n        \n        \n                    <a href=\"http:\/\/www.americold.com.ar\/es\/faqs\/\" class=\"ac-call__btn ac-btn ac-btn--light\" >VER TODAS LAS PREGUNTAS FRECUENTES<\/a>\n        \n    <\/div>\n<\/div>[\/vc_column][\/vc_row][vc_row full_width=\u00bbstretch_row_content_no_spaces\u00bb][vc_column]\n<div class=\"ac-contact-form  ac-contact-form--light ac-color-5 js-form-block\" data-aos=\"fade-up\">\n\n            <div class=\"ac-ocean ac-color-5__ocean\">\n                        <div class=\"ac-ocean__wave ac-ocean__wave--second ac-color-5__wave-same\"><\/div>\n        <\/div>\n    \n    <div class=\"ac-contact-form__wrapp\">\n        <div class=\"ac-contact-form__left-col\" data-aos=\"fade-right\" data-aos-delay=\"300\">\n\n                            <h2 class=\"ac-contact-form__title\">\u00bfListo para <b>empezar?<\/b><\/h2>\n            \n                            <div class=\"ac-contact-form__text\">\n                    <p><strong>Para comunicarse con las plantas de Americold en la regi\u00f3n de Argentina, visite nuestra p\u00e1gina de ubicaciones para conocer los n\u00fameros telef\u00f3nicos haciendo clic en el siguiente enlace: <a href=\"https:\/\/www.americold.com.ar\/es\/facilities\/\">P\u00e1gina de ubicaciones<\/a><\/strong><\/p>\n                <\/div>\n            \n        <\/div>\n        <div class=\"ac-contact-form__right-col\" data-aos=\"fade-left\" data-aos-delay=\"300\">\n\n            \n            \n                    <\/div>\n    <\/div>    \n<\/div>[\/vc_column][\/vc_row]<\/p>\n","protected":false},"excerpt":{"rendered":"<p>[vc_row full_width=\u00bbstretch_row_content_no_spaces\u00bb][vc_column][\/vc_column][\/vc_row][vc_row full_width=\u00bbstretch_row_content_no_spaces\u00bb][vc_column css_animation=\u00bbfadeInUp\u00bb css=\u00bb.vc_custom_1535468707595{background-position: center !important;background-repeat: no-repeat !important;background-size: cover !important;}\u00bb][\/vc_column][\/vc_row][vc_row full_width=\u00bbstretch_row_content_no_spaces\u00bb][vc_column css_animation=\u00bbfadeInUp\u00bb][\/vc_column][\/vc_row][vc_row full_width=\u00bbstretch_row_content_no_spaces\u00bb][vc_column css_animation=\u00bbfadeInUp\u00bb][\/vc_column][\/vc_row][vc_row full_width=\u00bbstretch_row_content_no_spaces\u00bb][vc_column css_animation=\u00bbfadeInUp\u00bb][\/vc_column][\/vc_row][vc_row full_width=\u00bbstretch_row_content_no_spaces\u00bb][vc_column css_animation=\u00bbfadeInUp\u00bb][\/vc_column][\/vc_row][vc_row full_width=\u00bbstretch_row_content_no_spaces\u00bb][vc_column][\/vc_column][\/vc_row]<\/p>\n","protected":false},"author":1,"featured_media":0,"parent":0,"menu_order":0,"comment_status":"closed","ping_status":"closed","template":"","meta":{"content-type":""},"acf":[],"_links":{"self":[{"href":"https:\/\/www.americold.com.ar\/es\/wp-json\/wp\/v2\/pages\/63"}],"collection":[{"href":"https:\/\/www.americold.com.ar\/es\/wp-json\/wp\/v2\/pages"}],"about":[{"href":"https:\/\/www.americold.com.ar\/es\/wp-json\/wp\/v2\/types\/page"}],"author":[{"embeddable":true,"href":"https:\/\/www.americold.com.ar\/es\/wp-json\/wp\/v2\/users\/1"}],"replies":[{"embeddable":true,"href":"https:\/\/www.americold.com.ar\/es\/wp-json\/wp\/v2\/comments?post=63"}],"version-history":[{"count":4,"href":"https:\/\/www.americold.com.ar\/es\/wp-json\/wp\/v2\/pages\/63\/revisions"}],"predecessor-version":[{"id":222,"href":"https:\/\/www.americold.com.ar\/es\/wp-json\/wp\/v2\/pages\/63\/revisions\/222"}],"wp:attachment":[{"href":"https:\/\/www.americold.com.ar\/es\/wp-json\/wp\/v2\/media?parent=63"}],"curies":[{"name":"wp","href":"https:\/\/api.w.org\/{rel}","templated":true}]}}