{"id":70,"date":"2021-06-18T12:03:30","date_gmt":"2021-06-18T12:03:30","guid":{"rendered":"https:\/\/www.americold.com.ar\/retailers\/"},"modified":"2021-06-18T12:13:43","modified_gmt":"2021-06-18T12:13:43","slug":"retailers","status":"publish","type":"page","link":"https:\/\/www.americold.com.ar\/es\/retailers\/","title":{"rendered":"Minoristas"},"content":{"rendered":"<p>[vc_row full_width=\u00bbstretch_row_content_no_spaces\u00bb][vc_column]\n<div class=\"ac-banner  ac-banner--light jarallax\">\n<!--    <div class=\"parallax-window\" data-parallax=\"scroll\" data-image-src=\"--><!--\"><\/div>-->\n\n<!--    --><!--        <div class=\"ac-banner__img-wrapp\">-->\n<!--            <img class=\"ac-banner__img\" src=\"--><!--\" alt=\"\">-->\n<!--        <\/div>-->\n<!--    -->\n    <div class=\"ac-overlay\"><\/div>\n\n    <div class=\"ac-banner__content\" data-aos=\"zoom-in\">\n\n                    <h1 class=\"ac-banner__title\"><b>Soluciones receptivas, innovadoras y dedicadas<\/b> para los minoristas<\/h1>\n        \n                    <p class=\"ac-heading__subtitle\">De norte a sur y desde la consolidaci\u00f3n a la distribuci\u00f3n y entrega, nuestra incomparable red integrada y soluciones innovadoras de cadena de suministro lo llevar\u00e1n a la vanguardia de las tendencias y preferencias de los consumidores.<\/p>\n        \n                    <a href=\"http:\/\/multisite-corporate-website-dev-1039653696.us-east-1.elb.amazonaws.com\/amc-multisite-build\/ar\/es\/contact-us\/\" class=\"ac-heading__btn ac-btn ac-btn--dark\" >COMENZAR<\/a>\n            <\/div>\n    \n    <!-- Image Background -->\n            <img class=\"jarallax-img\" src=\"https:\/\/www.americold.com.ar\/wp-content\/uploads\/sites\/5\/2021\/06\/Banner-Retailers.jpg\" alt=\"\">\n    \n    <!-- Video Background -->\n    \n<\/div>[\/vc_column][\/vc_row][vc_row full_width=\u00bbstretch_row_content_no_spaces\u00bb][vc_column]\n<div class=\"ac-main-block  ac-main-block--center ac-main-block--dark ac-color-1\" data-aos=\"fade-up\">\n\n            <div class=\"ac-ocean ac-color-1__ocean\">\n                            <div class=\"ac-ocean__wave  ac-color-4__wave-alter\"><\/div>\n                        <div class=\"ac-ocean__wave ac-ocean__wave--second ac-color-1__wave-same\"><\/div>\n        <\/div>\n    \n    <div class=\"ac-main-block__wrapp\">\n\n                    <h2 class=\"ac-main-block__title\">De qu\u00e9 manera Americold ayuda a nuestros <b>minoristas<\/b><\/h2>\n        \n        \n    <\/div>\n\n    \n            <div class=\"ac-main-block__wrapp\">\n            <div class=\"ac-main-block__text\">\n                <p>En un panorama de consumo en r\u00e1pida evoluci\u00f3n, Americold lo ayuda a mantenerse a la vanguardia con la red m\u00e1s integral de infraestructura a <a href=\"https:\/\/www.americold.com.ar\/es\/facilities\/\">temperatura controlada<\/a> y soluciones de infraestructura del mundo. Puede aprovechar nuestra vasta experiencia minorista e innovadoras operaciones de gesti\u00f3n de cadena de suministro para agilizar las operaciones, reducir los gastos de capital e implementar estrategias de crecimiento a nivel de la tienda.<\/p>\n<p><strong>Con m\u00e1s de 725 millones de cajas preparadas para la venta minorista el a\u00f1o pasado, procesamos m\u00e1s pedidos minoristas que todos nuestros principales competidores juntos.<\/strong><\/p>\n<p>Sea un <a href=\"https:\/\/www.americold.com.ar\/es\/who-we-serve\/producers\/\">productor de alimentos<\/a>, <a href=\"https:\/\/www.americold.com.ar\/es\/who-we-serve\/retailers\/\">minorista<\/a> o pertenezca a otra categor\u00eda intermedia, aproveche nuestra infraestructura de cadena de suministro a temperatura controlada para facilitar el movimiento de sus productos de la granja a la mesa.<\/p>\n            <\/div>\n        <\/div>    \n        \n\n            \n    \n       \n\n<\/div>[\/vc_column][\/vc_row][vc_row full_width=\u00bbstretch_row_content_no_spaces\u00bb][vc_column]\n<div class=\"ac-highlights  ac-highlights--light ac-highlights--columns ac-color-3\" data-aos=\"fade-up\">\n    \n            <div class=\"ac-ocean ac-color-3__ocean\">\n                        <div class=\"ac-ocean__wave ac-ocean__wave--second ac-color-3__wave-same\"><\/div>\n        <\/div>\n    \n    <div class=\"ac-highlights__wrapp\">\n                    <div class=\"ac-highlights__left-col\" data-aos=\"fade-right\" data-aos-delay=\"300\">\n        \n                            <h2 class=\"ac-highlights__title\">Qu\u00e9 ofrecemos para nuestros minoristas<\/h2>\n            \n                    \n                            <a href=\"http:\/\/www.americold.com.ar\/es\/services\/\" class=\"ac-highlights__btn ac-highlights__btn--top ac-btn ac-btn--dark\" >Ver todo lo que ofrecemos<\/a>\n            \n        <\/div>\n\n                                    <div class=\"ac-highlights__right-col\" data-aos=\"fade-left\" data-aos-delay=\"300\">\n                    \n                                    <div class=\"swiper-container ac-highlights__slider\">\n                        <div class=\"ac-highlights__slider-wrapper\">\n\n                            \n                                <div class=\"ac-highlights__slide\">\n                                    <div class=\"ac-highlights-item  ac-highlights-item--columns\">\n\n                                                                                    <div class=\"ac-highlights-item__left-col\">\n                                                <div class=\"ac-highlights-item__img-wrapp\">\n                                                    <img width=\"200\" height=\"200\" src=\"https:\/\/www.americold.com.ar\/wp-content\/uploads\/sites\/5\/2021\/06\/Icon-NEW-Multivendor-Consolidation.png\" class=\"attachment-full size-full wp-post-image\" alt=\"\" loading=\"lazy\" \/>                                                <\/div>\n                                            <\/div>\n                                        \n                                        <div class=\"ac-highlights-item__right-col\">\n\n                                            <h3 class=\"ac-highlights-item__title ac-highlights-item__title--default\">Consolidaci\u00f3n de m\u00faltiples proveedores<\/h3>\n                                                                                            <div class=\"ac-highlights-item__text\">\n                                                    <p>Elimine costos y mejore las tasas de cumplimiento y disponibilidad de producto en g\u00f3ndola con los programas de consolidaci\u00f3n de m\u00faltiples proveedores de Americold. Con entrega y distribuci\u00f3n a demanda, puede hacer y recibir pedidos consolidados de m\u00faltiples proveedores dentro de las 72 horas del pedido a la entrega.<\/p>\n                                                <\/div>\n                                            \n                                            \n                                            \n                                        <\/div>\n                                    <\/div>\n                                <\/div>\n                            \n                                <div class=\"ac-highlights__slide\">\n                                    <div class=\"ac-highlights-item  ac-highlights-item--columns\">\n\n                                                                                    <div class=\"ac-highlights-item__left-col\">\n                                                <div class=\"ac-highlights-item__img-wrapp\">\n                                                    <img width=\"200\" height=\"200\" src=\"https:\/\/www.americold.com.ar\/wp-content\/uploads\/sites\/5\/2021\/06\/Icon-NEW-National-Consolidation.png\" class=\"attachment-full size-full wp-post-image\" alt=\"\" loading=\"lazy\" \/>                                                <\/div>\n                                            <\/div>\n                                        \n                                        <div class=\"ac-highlights-item__right-col\">\n\n                                            <h3 class=\"ac-highlights-item__title ac-highlights-item__title--default\">Programas de consolidaci\u00f3n nacional<\/h3>\n                                                                                            <div class=\"ac-highlights-item__text\">\n                                                    <p>Contamos con una red de cargas de menos de un cami\u00f3n completo programada y a temperatura controladA que pasa por sus instalaciones y las de sus clientes. Ofrecemos un servicio por cami\u00f3n completo por tarifas de menos de un cami\u00f3n completo.<\/p>\n                                                <\/div>\n                                            \n                                            \n                                            \n                                        <\/div>\n                                    <\/div>\n                                <\/div>\n                            \n                        <\/div>\n                        <div class=\"ac-highlights__nav\">\n                            <!-- If we need pagination -->\n                            <div class=\"swiper-pagination ac-highlights__pagination\"><\/div>\n\n                            <!-- If we need navigation buttons -->\n                            <div class=\"swiper-button-prev ac-highlights__slider-btn ac-highlights__slider-btn--prev\"><\/div>\n                            <div class=\"swiper-button-next ac-highlights__slider-btn ac-highlights__slider-btn--next\"><\/div>\n                        <\/div>\n                    <\/div>\n                \n            <\/div>\n\n        \n                    <a href=\"http:\/\/www.americold.com.ar\/es\/services\/\" class=\"ac-highlights__btn ac-highlights__btn--bottom ac-btn ac-btn--dark\" >Ver todo lo que ofrecemos<\/a>\n        \n    <\/div>\n<\/div>[\/vc_column][\/vc_row][vc_row full_width=\u00bbstretch_row_content_no_spaces\u00bb][vc_column]\n<div id=\"\" class=\"ac-content-block  ac-content-block--left ac-content-block--dark ac-color-1\" data-aos=\"fade-up\">\n\n    \n    <div class=\"ac-content-block__wrapp\">\n        <div class=\"ac-content-block__row reverse ac-content-block__row--reverse ac-content-block__row--30\">\n            <div class=\"ac-content-block__left-col\" data-aos=\"fade-left\" data-aos-delay=\"300\">\n\n                <h2 class=\"ac-content-block__title\">La escala para respaldarlo y la innovaci\u00f3n para hacerlo progresar<\/h2>\n                                    <h4 class=\"ac-content-block__subtitle\">Mire nuestra pel\u00edcula sobre el modo en que Americold puede complementar su estrategia de cadena de suministro.<\/h4>\n                \n                                \n\n                <div class=\"ac-content-block__figure\">\n                    \n                                            \n                        \n                                                    <div class=\"ac-content-block__video\">\n                                <iframe title=\"Americold Overview 2018 (ES)\" width=\"640\" height=\"360\" src=\"https:\/\/www.youtube.com\/embed\/VK1cfGac8h0?feature=oembed&enablejsapi=1&autoplay=0&rel=0&controls=0&showinfo=0&loop=0\"  allow=\"accelerometer; autoplay; clipboard-write; encrypted-media; gyroscope; picture-in-picture; web-share\" referrerpolicy=\"strict-origin-when-cross-origin\" allowfullscreen><\/iframe>                            <\/div>\n                                            \n                    \n                    \n                <\/div>\n\n                                    <div class=\"ac-content-block__text\">\n                        <p><\/p>\n                    <\/div>\n                \n                                    <div class=\"ac-content-block__shortcode\">\n                                            <\/div>\n                \n                \n                \n            <\/div>\n            <div class=\"ac-content-block__right-col\" data-aos=\"fade-right\" data-aos-delay=\"300\">\n                \n                                    \n                    \n                                            <div class=\"ac-content-block__video\">\n                            <iframe title=\"Americold Overview 2018 (ES)\" width=\"640\" height=\"360\" src=\"https:\/\/www.youtube.com\/embed\/VK1cfGac8h0?feature=oembed&enablejsapi=1&autoplay=0&rel=0&controls=0&showinfo=0&loop=0\"  allow=\"accelerometer; autoplay; clipboard-write; encrypted-media; gyroscope; picture-in-picture; web-share\" referrerpolicy=\"strict-origin-when-cross-origin\" allowfullscreen><\/iframe>                        <\/div>\n                    \n                    \n                                    \n            <\/div>\n        <\/div>\n    <\/div>\n<\/div>[\/vc_column][\/vc_row][vc_row full_width=\u00bbstretch_row_content_no_spaces\u00bb][vc_column]\n<div class=\"ac-highlights  ac-highlights--light ac-highlights--columns ac-color-4\" data-aos=\"fade-up\">\n    \n    \n    <div class=\"ac-highlights__wrapp\">\n                    <div class=\"ac-highlights__left-col\" data-aos=\"fade-right\" data-aos-delay=\"300\">\n        \n                            <h2 class=\"ac-highlights__title\"><b>Caracter\u00edsticas de las instalaciones<\/b> para nuestros minoristas<\/h2>\n            \n                    \n                            <a href=\"http:\/\/www.americold.com.ar\/es\/facilities\/\" class=\"ac-highlights__btn ac-highlights__btn--top ac-btn ac-btn--dark\" >VER LOS DETALLES DE LAS INSTALACIONES<\/a>\n            \n        <\/div>\n\n                                    <div class=\"ac-highlights__right-col\" data-aos=\"fade-left\" data-aos-delay=\"300\">\n                    \n                                    <div class=\"swiper-container ac-highlights__slider\">\n                        <div class=\"ac-highlights__slider-wrapper\">\n\n                            \n                                <div class=\"ac-highlights__slide\">\n                                    <div class=\"ac-highlights-item  ac-highlights-item--columns\">\n\n                                                                                    <div class=\"ac-highlights-item__left-col\">\n                                                <div class=\"ac-highlights-item__img-wrapp\">\n                                                    <img width=\"88\" height=\"100\" src=\"https:\/\/www.americold.com.ar\/wp-content\/uploads\/sites\/5\/2021\/06\/icon-02.png\" class=\"attachment-full size-full wp-post-image\" alt=\"\" loading=\"lazy\" \/>                                                <\/div>\n                                            <\/div>\n                                        \n                                        <div class=\"ac-highlights-item__right-col\">\n\n                                            <h3 class=\"ac-highlights-item__title ac-highlights-item__title--default\">Geolocalizaci\u00f3n de seguimiento y ubicaci\u00f3n<\/h3>\n                                                                                            <div class=\"ac-highlights-item__text\">\n                                                    <p>Geolocalizaci\u00f3n en tiempo real de todos los camiones de nuestro servicio de distribuci\u00f3n. Incluye acceso a la nube de Internet para que los clientes verifiquen todos los puntos de entrega, los art\u00edculos transportados y entregados, motivos para la falta de entrega, cantidades, pesos, etc.<\/p>\n                                                <\/div>\n                                            \n                                            \n                                            \n                                        <\/div>\n                                    <\/div>\n                                <\/div>\n                            \n                                <div class=\"ac-highlights__slide\">\n                                    <div class=\"ac-highlights-item  ac-highlights-item--columns\">\n\n                                                                                    <div class=\"ac-highlights-item__left-col\">\n                                                <div class=\"ac-highlights-item__img-wrapp\">\n                                                    <img width=\"200\" height=\"200\" src=\"https:\/\/www.americold.com.ar\/wp-content\/uploads\/sites\/5\/2021\/06\/Online-Appointment-Scheduling-Grey.png\" class=\"attachment-full size-full wp-post-image\" alt=\"\" loading=\"lazy\" \/>                                                <\/div>\n                                            <\/div>\n                                        \n                                        <div class=\"ac-highlights-item__right-col\">\n\n                                            <h3 class=\"ac-highlights-item__title ac-highlights-item__title--default\">Programaci\u00f3n de citas en l\u00ednea<\/h3>\n                                                                                            <div class=\"ac-highlights-item__text\">\n                                                    <p><span class=\"s1\">Ventajas convenientes y que ahorran tiempo de la Internet de las cosas. No es necesario esperar llamadas de confirmaci\u00f3n ni enviar faxes; reserve su cami\u00f3n en l\u00ednea cuando lo desee, las 24 horas, los 7 d\u00edas de la semana a trav\u00e9s de nuestro\u00a0<a href=\"http:\/\/www.i-3pl.com\"> i-3PL portal<\/a>.<\/span><\/p>\n                                                <\/div>\n                                            \n                                            \n                                            \n                                        <\/div>\n                                    <\/div>\n                                <\/div>\n                            \n                                <div class=\"ac-highlights__slide\">\n                                    <div class=\"ac-highlights-item  ac-highlights-item--columns\">\n\n                                                                                    <div class=\"ac-highlights-item__left-col\">\n                                                <div class=\"ac-highlights-item__img-wrapp\">\n                                                    <img width=\"200\" height=\"200\" src=\"https:\/\/www.americold.com.ar\/wp-content\/uploads\/sites\/5\/2021\/06\/Icon-Seasonal.png\" class=\"attachment-full size-full wp-post-image\" alt=\"\" loading=\"lazy\" \/>                                                <\/div>\n                                            <\/div>\n                                        \n                                        <div class=\"ac-highlights-item__right-col\">\n\n                                            <h3 class=\"ac-highlights-item__title ac-highlights-item__title--default\">Soporte en capacidad estacional y adicional<\/h3>\n                                                                                            <div class=\"ac-highlights-item__text\">\n                                                    <p>Cuando la demanda estacional aumenta y los cambios en los h\u00e1bitos de consumo afectan su capacidad actual. Americold puede absorber esa presi\u00f3n y necesidades con velocidad de cross docking, capacidad de desborde y programas de stock de reservas para ofrecerle tranquilidad. Nos asociamos con usted para garantizar que cuente con espacio y servicios de valor agregado para adelantarse a su competencia y cumplir con sus compromisos con su clientes.<\/p>\n                                                <\/div>\n                                            \n                                            \n                                            \n                                        <\/div>\n                                    <\/div>\n                                <\/div>\n                            \n                        <\/div>\n                        <div class=\"ac-highlights__nav\">\n                            <!-- If we need pagination -->\n                            <div class=\"swiper-pagination ac-highlights__pagination\"><\/div>\n\n                            <!-- If we need navigation buttons -->\n                            <div class=\"swiper-button-prev ac-highlights__slider-btn ac-highlights__slider-btn--prev\"><\/div>\n                            <div class=\"swiper-button-next ac-highlights__slider-btn ac-highlights__slider-btn--next\"><\/div>\n                        <\/div>\n                    <\/div>\n                \n            <\/div>\n\n        \n                    <a href=\"http:\/\/www.americold.com.ar\/es\/facilities\/\" class=\"ac-highlights__btn ac-highlights__btn--bottom ac-btn ac-btn--dark\" >VER LOS DETALLES DE LAS INSTALACIONES<\/a>\n        \n    <\/div>\n<\/div>[\/vc_column][\/vc_row][vc_row full_width=\u00bbstretch_row_content_no_spaces\u00bb][vc_column]\n<div class=\"ac-call  ac-call--center ac-call--light ac-color-3\">\n\n    \n    <div class=\"ac-call__wrapp\" data-aos=\"zoom-in\">\n\n                    <h2 class=\"ac-call__title\">\u00bfDesea hacer alguna pregunta? Visite nuestra p\u00e1gina de preguntas frecuentes.<\/h2>\n        \n        \n        \n        \n                    <a href=\"http:\/\/www.americold.com.ar\/es\/faqs\/\" class=\"ac-call__btn ac-btn ac-btn--light\" >VER TODAS LAS PREGUNTAS FRECUENTES<\/a>\n        \n    <\/div>\n<\/div>[\/vc_column][\/vc_row][vc_row full_width=\u00bbstretch_row_content_no_spaces\u00bb][vc_column]\n<div class=\"ac-contact-form  ac-contact-form--light ac-color-5 js-form-block\" data-aos=\"fade-up\">\n\n            <div class=\"ac-ocean ac-color-5__ocean\">\n                        <div class=\"ac-ocean__wave ac-ocean__wave--second ac-color-5__wave-same\"><\/div>\n        <\/div>\n    \n    <div class=\"ac-contact-form__wrapp\">\n        <div class=\"ac-contact-form__left-col\" data-aos=\"fade-right\" data-aos-delay=\"300\">\n\n                            <h2 class=\"ac-contact-form__title\">\u00bfListo para <b>empezar?<\/b><\/h2>\n            \n                            <div class=\"ac-contact-form__text\">\n                    <p><strong>Para comunicarse con las plantas de Americold en la regi\u00f3n de Argentina, visite nuestra p\u00e1gina de ubicaciones para conocer los n\u00fameros telef\u00f3nicos haciendo clic en el siguiente enlace: <a href=\"..\/..\/es\/facilities\/index.html\">P\u00e1gina de ubicaciones<\/a><\/strong><\/p>\n                <\/div>\n            \n        <\/div>\n        <div class=\"ac-contact-form__right-col\" data-aos=\"fade-left\" data-aos-delay=\"300\">\n\n            \n            \n                    <\/div>\n    <\/div>    \n<\/div>[\/vc_column][\/vc_row]<\/p>\n","protected":false},"excerpt":{"rendered":"<p>[vc_row full_width=\u00bbstretch_row_content_no_spaces\u00bb][vc_column][\/vc_column][\/vc_row][vc_row full_width=\u00bbstretch_row_content_no_spaces\u00bb][vc_column][\/vc_column][\/vc_row][vc_row full_width=\u00bbstretch_row_content_no_spaces\u00bb][vc_column][\/vc_column][\/vc_row][vc_row full_width=\u00bbstretch_row_content_no_spaces\u00bb][vc_column][\/vc_column][\/vc_row][vc_row full_width=\u00bbstretch_row_content_no_spaces\u00bb][vc_column][\/vc_column][\/vc_row][vc_row full_width=\u00bbstretch_row_content_no_spaces\u00bb][vc_column][\/vc_column][\/vc_row][vc_row full_width=\u00bbstretch_row_content_no_spaces\u00bb][vc_column][\/vc_column][\/vc_row]<\/p>\n","protected":false},"author":1,"featured_media":0,"parent":0,"menu_order":0,"comment_status":"closed","ping_status":"closed","template":"","meta":{"content-type":""},"acf":[],"_links":{"self":[{"href":"https:\/\/www.americold.com.ar\/es\/wp-json\/wp\/v2\/pages\/70"}],"collection":[{"href":"https:\/\/www.americold.com.ar\/es\/wp-json\/wp\/v2\/pages"}],"about":[{"href":"https:\/\/www.americold.com.ar\/es\/wp-json\/wp\/v2\/types\/page"}],"author":[{"embeddable":true,"href":"https:\/\/www.americold.com.ar\/es\/wp-json\/wp\/v2\/users\/1"}],"replies":[{"embeddable":true,"href":"https:\/\/www.americold.com.ar\/es\/wp-json\/wp\/v2\/comments?post=70"}],"version-history":[{"count":3,"href":"https:\/\/www.americold.com.ar\/es\/wp-json\/wp\/v2\/pages\/70\/revisions"}],"predecessor-version":[{"id":73,"href":"https:\/\/www.americold.com.ar\/es\/wp-json\/wp\/v2\/pages\/70\/revisions\/73"}],"wp:attachment":[{"href":"https:\/\/www.americold.com.ar\/es\/wp-json\/wp\/v2\/media?parent=70"}],"curies":[{"name":"wp","href":"https:\/\/api.w.org\/{rel}","templated":true}]}}