{"id":74,"date":"2021-06-18T12:16:47","date_gmt":"2021-06-18T12:16:47","guid":{"rendered":"https:\/\/www.americold.com.ar\/?page_id=74"},"modified":"2021-06-18T12:27:54","modified_gmt":"2021-06-18T12:27:54","slug":"services","status":"publish","type":"page","link":"https:\/\/www.americold.com.ar\/es\/services\/","title":{"rendered":"Dep\u00f3sito con c\u00e1maras frigor\u00edficas y dep\u00f3sito de alimentos refrigerados en Argentina-Services"},"content":{"rendered":"<p>[vc_row full_width=\u00bbstretch_row_content_no_spaces\u00bb][vc_column]\n<div class=\"ac-banner  ac-banner--light jarallax\">\n<!--    <div class=\"parallax-window\" data-parallax=\"scroll\" data-image-src=\"--><!--\"><\/div>-->\n\n<!--    --><!--        <div class=\"ac-banner__img-wrapp\">-->\n<!--            <img class=\"ac-banner__img\" src=\"--><!--\" alt=\"\">-->\n<!--        <\/div>-->\n<!--    -->\n    <div class=\"ac-overlay\"><\/div>\n\n    <div class=\"ac-banner__content\" data-aos=\"zoom-in\">\n\n                    <h1 class=\"ac-banner__title\">Es m\u00e1s que almacenamiento en fr\u00edo<\/h1>\n        \n                    <p class=\"ac-heading__subtitle\">Nos esforzamos por lograr una red de instalaciones sin igual y experiencia en la industria con un solo objetivo: para proporcionar soluciones que sirvan a sus objetivos comerciales, su marca y su reputaci\u00f3n.<\/p>\n        \n            <\/div>\n    \n    <!-- Image Background -->\n            <img class=\"jarallax-img\" src=\"https:\/\/www.americold.com.ar\/wp-content\/uploads\/sites\/5\/2021\/06\/Banner-Services-3.jpg\" alt=\"\">\n    \n    <!-- Video Background -->\n    \n<\/div>[\/vc_column][\/vc_row][vc_row full_width=\u00bbstretch_row_content_no_spaces\u00bb][vc_column]\n<div class=\"ac-main-block  ac-main-block--center ac-main-block--dark ac-color-1\" data-aos=\"fade-up\">\n\n            <div class=\"ac-ocean ac-color-1__ocean\">\n                            <div class=\"ac-ocean__wave  ac-color-4__wave-alter\"><\/div>\n                        <div class=\"ac-ocean__wave ac-ocean__wave--second ac-color-1__wave-same\"><\/div>\n        <\/div>\n    \n    <div class=\"ac-main-block__wrapp\">\n\n                    <h2 class=\"ac-main-block__title\">Construyendo sobre una plataforma probada<\/h2>\n        \n        \n    <\/div>\n\n    \n            <div class=\"ac-main-block__wrapp\">\n            <div class=\"ac-main-block__text\">\n                <p>Asi como que nuestra red de almacenes integrados con control de temperatura, nuestras soluciones son integrales. Eso es porque combinamos la experiencia interna con la flexibilidad para seleccionar los mejores proveedores y sistemas para apoyarlo. No estamos vinculados a ning\u00fan proveedor y no tenemos que obligar a ningun sistema o equipamiento para adaptarse a sus necesidades. Los resultados son soluciones de vanguardia dise\u00f1adas para llevar su cadena de suministro, y sus ventajas competitivas, al siguiente nivel.<\/p>\n            <\/div>\n        <\/div>    \n        \n\n            \n    \n       \n\n<\/div>[\/vc_column][\/vc_row][vc_row full_width=\u00bbstretch_row_content_no_spaces\u00bb][vc_column]\n<div class=\"ac-highlights  ac-highlights--light ac-highlights--columns ac-color-3\" data-aos=\"fade-up\">\n    \n            <div class=\"ac-ocean ac-color-3__ocean\">\n                            <div class=\"ac-ocean__wave  ac-color-4__wave-alter\"><\/div>\n                        <div class=\"ac-ocean__wave ac-ocean__wave--second ac-color-3__wave-same\"><\/div>\n        <\/div>\n    \n    <div class=\"ac-highlights__wrapp\">\n                    <div class=\"ac-highlights__left-col\" data-aos=\"fade-right\" data-aos-delay=\"300\">\n        \n                            <h2 class=\"ac-highlights__title\"><b>Soluciones<\/b> para productores y minoristas de alimentos<\/h2>\n            \n                    \n            \n        <\/div>\n\n                                    <div class=\"ac-highlights__right-col\" data-aos=\"fade-left\" data-aos-delay=\"300\">\n                    \n                                    <div class=\"swiper-container ac-highlights__slider\">\n                        <div class=\"ac-highlights__slider-wrapper\">\n\n                            \n                                <div class=\"ac-highlights__slide\">\n                                    <div class=\"ac-highlights-item  ac-highlights-item--columns\">\n\n                                                                                    <div class=\"ac-highlights-item__left-col\">\n                                                <div class=\"ac-highlights-item__img-wrapp\">\n                                                    <img width=\"200\" height=\"200\" src=\"https:\/\/www.americold.com.ar\/wp-content\/uploads\/sites\/5\/2021\/06\/Icon-Blast-Freezing.png\" class=\"attachment-full size-full wp-post-image\" alt=\"\" loading=\"lazy\" \/>                                                <\/div>\n                                            <\/div>\n                                        \n                                        <div class=\"ac-highlights-item__right-col\">\n\n                                            <h3 class=\"ac-highlights-item__title ac-highlights-item__title--default\">Congelamiento r\u00e1pido<\/h3>\n                                                                                            <div class=\"ac-highlights-item__text\">\n                                                    <p>Cumplir con los requisitos regulatorios, prorrogar la vida \u00fatil de los productos indefinidamente y preservar el sabor, las vitaminas y minerales. El proceso de congelamiento r\u00e1pido de Americold se encuentra disponible en muchas de nuestras plantas.<\/p>\n                                                <\/div>\n                                            \n                                            \n                                            \n                                        <\/div>\n                                    <\/div>\n                                <\/div>\n                            \n                                <div class=\"ac-highlights__slide\">\n                                    <div class=\"ac-highlights-item  ac-highlights-item--columns\">\n\n                                                                                    <div class=\"ac-highlights-item__left-col\">\n                                                <div class=\"ac-highlights-item__img-wrapp\">\n                                                    <img width=\"200\" height=\"200\" src=\"https:\/\/www.americold.com.ar\/wp-content\/uploads\/sites\/5\/2021\/06\/Icon-Pick-Pack.png\" class=\"attachment-full size-full wp-post-image\" alt=\"\" loading=\"lazy\" \/>                                                <\/div>\n                                            <\/div>\n                                        \n                                        <div class=\"ac-highlights-item__right-col\">\n\n                                            <h3 class=\"ac-highlights-item__title ac-highlights-item__title--default\">Preparaci\u00f3n de pedidos<\/h3>\n                                                                                            <div class=\"ac-highlights-item__text\">\n                                                    <p>Podemos preparar pedidos unitarios, por cajas o capas para que pueda mezclar SKU y maximizar la utilizaci\u00f3n de los pallets. Incluso podemos cargar pallets en el orden solicitado por la tienda para facilitar la descarga en destino.<\/p>\n                                                <\/div>\n                                            \n                                            \n                                            \n                                        <\/div>\n                                    <\/div>\n                                <\/div>\n                            \n                                <div class=\"ac-highlights__slide\">\n                                    <div class=\"ac-highlights-item  ac-highlights-item--columns\">\n\n                                                                                    <div class=\"ac-highlights-item__left-col\">\n                                                <div class=\"ac-highlights-item__img-wrapp\">\n                                                    <img width=\"88\" height=\"100\" src=\"https:\/\/www.americold.com.ar\/wp-content\/uploads\/sites\/5\/2021\/06\/icon-02.png\" class=\"attachment-full size-full wp-post-image\" alt=\"\" loading=\"lazy\" \/>                                                <\/div>\n                                            <\/div>\n                                        \n                                        <div class=\"ac-highlights-item__right-col\">\n\n                                            <h3 class=\"ac-highlights-item__title ac-highlights-item__title--default\">Geolocalizaci\u00f3n en tiempo real de la flota de transporte<\/h3>\n                                                                                            <div class=\"ac-highlights-item__text\">\n                                                    <p>Geolocalizaci\u00f3n de la flota de transporte en tiempo real sobre un mapa via Internet. Incluye trazabilidad de horarios por punto de entrega. Acceso de los clientes a toda la informaci\u00f3n y la de sus pedidos de entrega con estado, detalle de art\u00edculos y cantidades por cami\u00f3n y punto de entrega<\/p>\n                                                <\/div>\n                                            \n                                            \n                                            \n                                        <\/div>\n                                    <\/div>\n                                <\/div>\n                            \n                        <\/div>\n                        <div class=\"ac-highlights__nav\">\n                            <!-- If we need pagination -->\n                            <div class=\"swiper-pagination ac-highlights__pagination\"><\/div>\n\n                            <!-- If we need navigation buttons -->\n                            <div class=\"swiper-button-prev ac-highlights__slider-btn ac-highlights__slider-btn--prev\"><\/div>\n                            <div class=\"swiper-button-next ac-highlights__slider-btn ac-highlights__slider-btn--next\"><\/div>\n                        <\/div>\n                    <\/div>\n                \n            <\/div>\n\n        \n        \n    <\/div>\n<\/div>[\/vc_column][\/vc_row][vc_row full_width=\u00bbstretch_row_content_no_spaces\u00bb][vc_column]\n<div class=\"ac-cover  ac-cover--light\">\n\n            <img class=\"ac-cover__img\" src=\"https:\/\/www.americold.com.ar\/wp-content\/uploads\/sites\/5\/2021\/06\/EDI-Spots-LMS.jpg\" alt=\"\">\n    \n    <div class=\"ac-overlay\"><\/div>\n\n    <div class=\"ac-cover__wrapp\">\n        <div class=\"ac-cover__inner  ac-cover__inner--center ac-cover__inner--tbl-inherit\" data-aos=\"zoom-in\">\n\n                            <h2 class=\"ac-cover__title\">Haga que sus productos \u201ctrabajen\u201d mientras est\u00e1n almacenados<\/h2>\n            \n                            <h4 class=\"ac-cover__subtitle\">Los servicios de valor agregado de Americold aprovechan este tiempo de inactividad tradicional. Personalizaci\u00f3n de productos, &#039;kitting&#039;, reembalaje, &#039;labelling&#039; - todo es posible en un ambiente con temperatura controlada.<\/h4>\n            \n            \n            \n        <\/div>\n    <\/div>\n<\/div>[\/vc_column][\/vc_row][vc_row full_width=\u00bbstretch_row_content_no_spaces\u00bb][vc_column]\n<div class=\"ac-call  ac-call--center ac-call--light ac-color-3\">\n\n    \n    <div class=\"ac-call__wrapp\" data-aos=\"zoom-in\">\n\n                    <h2 class=\"ac-call__title\">\u00bfTienes alguna pregunta? Consulte nuestra p\u00e1gina de preguntas frecuentes.<\/h2>\n        \n        \n        \n        \n                    <a href=\"https:\/\/www.americold.com.ar\/es\/faqs\/\" class=\"ac-call__btn ac-btn ac-btn--light\" >Ver todas las Preguntas Frecuentes<\/a>\n        \n    <\/div>\n<\/div>[\/vc_column][\/vc_row][vc_row full_width=\u00bbstretch_row_content_no_spaces\u00bb][vc_column]\n<div class=\"ac-contact-form  ac-contact-form--light ac-color-5 js-form-block\" data-aos=\"fade-up\">\n\n            <div class=\"ac-ocean ac-color-5__ocean\">\n                        <div class=\"ac-ocean__wave ac-ocean__wave--second ac-color-5__wave-same\"><\/div>\n        <\/div>\n    \n    <div class=\"ac-contact-form__wrapp\">\n        <div class=\"ac-contact-form__left-col\" data-aos=\"fade-right\" data-aos-delay=\"300\">\n\n                            <h2 class=\"ac-contact-form__title\">\u00bfListo para empezar?<\/h2>\n            \n                            <div class=\"ac-contact-form__text\">\n                    <p><strong>Para comunicarse con las plantas de Americold en Argentina, visite nuestra p\u00e1gina de ubicaciones para conocer los n\u00fameros telef\u00f3nicos haciendo clic en el siguiente enlace: <a href=\"https:\/\/www.americold.com.ar\/es\/facilities\/\">P\u00e1gina de ubicaciones<\/a><\/strong><\/p>\n                <\/div>\n            \n        <\/div>\n        <div class=\"ac-contact-form__right-col\" data-aos=\"fade-left\" data-aos-delay=\"300\">\n\n            \n            \n                    <\/div>\n    <\/div>    \n<\/div>[\/vc_column][\/vc_row]<\/p>\n","protected":false},"excerpt":{"rendered":"<p>[vc_row full_width=\u00bbstretch_row_content_no_spaces\u00bb][vc_column][\/vc_column][\/vc_row][vc_row full_width=\u00bbstretch_row_content_no_spaces\u00bb][vc_column][\/vc_column][\/vc_row][vc_row full_width=\u00bbstretch_row_content_no_spaces\u00bb][vc_column][\/vc_column][\/vc_row][vc_row full_width=\u00bbstretch_row_content_no_spaces\u00bb][vc_column][\/vc_column][\/vc_row][vc_row full_width=\u00bbstretch_row_content_no_spaces\u00bb][vc_column][\/vc_column][\/vc_row][vc_row full_width=\u00bbstretch_row_content_no_spaces\u00bb][vc_column][\/vc_column][\/vc_row]<\/p>\n","protected":false},"author":1,"featured_media":0,"parent":0,"menu_order":0,"comment_status":"closed","ping_status":"closed","template":"","meta":{"content-type":""},"acf":[],"_links":{"self":[{"href":"https:\/\/www.americold.com.ar\/es\/wp-json\/wp\/v2\/pages\/74"}],"collection":[{"href":"https:\/\/www.americold.com.ar\/es\/wp-json\/wp\/v2\/pages"}],"about":[{"href":"https:\/\/www.americold.com.ar\/es\/wp-json\/wp\/v2\/types\/page"}],"author":[{"embeddable":true,"href":"https:\/\/www.americold.com.ar\/es\/wp-json\/wp\/v2\/users\/1"}],"replies":[{"embeddable":true,"href":"https:\/\/www.americold.com.ar\/es\/wp-json\/wp\/v2\/comments?post=74"}],"version-history":[{"count":4,"href":"https:\/\/www.americold.com.ar\/es\/wp-json\/wp\/v2\/pages\/74\/revisions"}],"predecessor-version":[{"id":82,"href":"https:\/\/www.americold.com.ar\/es\/wp-json\/wp\/v2\/pages\/74\/revisions\/82"}],"wp:attachment":[{"href":"https:\/\/www.americold.com.ar\/es\/wp-json\/wp\/v2\/media?parent=74"}],"curies":[{"name":"wp","href":"https:\/\/api.w.org\/{rel}","templated":true}]}}